{"id":6218,"date":"2021-06-03T13:08:49","date_gmt":"2021-06-03T11:08:49","guid":{"rendered":"https:\/\/www.immobilien-stuetz.com\/wordpress\/?page_id=6218"},"modified":"2024-09-26T15:07:45","modified_gmt":"2024-09-26T13:07:45","slug":"imprint","status":"publish","type":"page","link":"https:\/\/www.immobilien-stuetz.com\/en\/imprint\/","title":{"rendered":"Imprint"},"content":{"rendered":"<div data-elementor-type=\"wp-page\" data-elementor-id=\"6218\" class=\"elementor elementor-6218\" data-elementor-post-type=\"page\">\n\t\t\t\t\t\t<section class=\"elementor-section elementor-top-section elementor-element elementor-element-9af2906 elementor-section-boxed elementor-section-height-default elementor-section-height-default\" data-id=\"9af2906\" data-element_type=\"section\" data-e-type=\"section\">\n\t\t\t\t\t\t<div class=\"elementor-container elementor-column-gap-default\">\n\t\t\t\t\t<div class=\"elementor-column elementor-col-100 elementor-top-column elementor-element elementor-element-629ca5f\" data-id=\"629ca5f\" data-element_type=\"column\" data-e-type=\"column\">\n\t\t\t<div class=\"elementor-widget-wrap elementor-element-populated\">\n\t\t\t\t\t\t<div class=\"elementor-element elementor-element-0cecf67 elementor-widget elementor-widget-text-editor\" data-id=\"0cecf67\" data-element_type=\"widget\" data-e-type=\"widget\" data-widget_type=\"text-editor.default\">\n\t\t\t\t<div class=\"elementor-widget-container\">\n\t\t\t\t\t\t\t\t\t<h4>Responsible for all content:<\/h4><p><strong>Real estate St\u00fctz<\/strong><br \/>Ingrid St\u00fctz<br \/>Feldgasse 9, 2011 H\u00f6bersdorf<\/p><p>Phone: +43 676 31 55 460<br \/>e-mail: <a href=\"mailto:office@immobilien-stuetz.com\">office<span id=\"cloakdaacb757066afb2326a3ad60600cdc6f\">@immobilien-stuetz.com<\/span>\u00a0<\/a><\/p><div><ul><li>UID no. ATU62446188<\/li><li>Legal form: Partnership<\/li><li>Authority according to ECG: Bezirkshauptmannschaft Korneuburg<\/li><li>Chamber: Austrian Federal Economic Chamber - Federal Guild of Real Estate Agents<\/li><li>Applicable legislation: Brokerage Act<\/li><\/ul><\/div><p><a href=\"https:\/\/www.wkoecg.at\/Web\/Ecg.aspx?FirmaID=9c30d34f-f9ac-4cde-b2e0-2a553d9c0ab0\" target=\"_blank\" rel=\"noopener noreferrer\"><img decoding=\"async\" src=\"https:\/\/www.wkoecg.at\/Web\/Library\/img\/ecg.gif\" alt=\"Information on e-commerce and media law\" \/><\/a><\/p><h4>Legal information:<\/h4><p>All contents of our website are protected by copyright.<\/p><p>Immobilien St\u00fctz maintains, checks and updates all information on this website with the utmost care. Nevertheless, neither liability nor guarantee can be assumed for the topicality, correctness and completeness of the information provided.<\/p><p>The same applies to linked websites - Immobilien St\u00fctz is not responsible for their content.<\/p><p>The use of all content made available, as well as further links, is at your own risk.<\/p><p>We reserve the right to make changes or additions to the information provided at any time.<\/p><h4>Production of the 3D views:<\/h4><p><strong>viewvis e.U.<\/strong><br \/>Hagedornweg 4 House 17, 1220 Vienna<br \/>Web: <a href=\"http:\/\/www.viewvis.at\">http:\/\/www.viewvis.at<\/a><\/p><p><strong>Picture credits<\/strong>:<br \/><a href=\"https:\/\/www.vectorstock.com\/royalty-free-vector\/angle-360-degrees-icon-vector-33740219\">Vector image by VectorStock \/ vectorstock<\/a><\/p><p>Open Street Map Logo: <a href=\"http:\/\/www.ipo.gov.uk\/tmcase\/Results\/1\/UK00002500155\" target=\"_blank\" rel=\"noopener\">Trade Mark UK2500155 at ipo.gov.uk<\/a> for Class 41 to Proprietor \"Openstreetmap Foundation, Surrey, UK\"<\/p>\t\t\t\t\t\t\t\t<\/div>\n\t\t\t\t<\/div>\n\t\t\t\t\t<\/div>\n\t\t<\/div>\n\t\t\t\t\t<\/div>\n\t\t<\/section>\n\t\t\t\t<\/div>","protected":false},"excerpt":{"rendered":"<p>Responsible for all content: Immobilien St\u00fctz Ingrid St\u00fctz Feldgasse 9, 2011 H\u00f6bersdorf Tel.: +43 676 31 55 460 E-Mail: office@immobilien-stuetz.com UID-No. ATU62446188 Legal form: Person Company Authority according to ECG: Bezirkshauptmannschaft Korneuburg Chamber: Austrian Federal Economic Chamber - Federal Guild of Real Estate Agents Applicable legislation: Real Estate Agents Act Legal information: All contents of our website are protected by copyright. Immobilien St\u00fctz maintains,...<\/p>","protected":false},"author":1,"featured_media":0,"parent":0,"menu_order":0,"comment_status":"closed","ping_status":"closed","template":"","meta":{"footnotes":""},"class_list":["post-6218","page","type-page","status-publish","hentry"],"yoast_head":"<!-- This site is optimized with the Yoast SEO plugin v26.9 - https:\/\/yoast.com\/product\/yoast-seo-wordpress\/ -->\n<title>Impressum - Immobilien St\u00fctz<\/title>\n<meta name=\"robots\" content=\"index, follow, max-snippet:-1, max-image-preview:large, max-video-preview:-1\" \/>\n<link rel=\"canonical\" href=\"https:\/\/www.immobilien-stuetz.com\/en\/imprint\/\" \/>\n<meta property=\"og:locale\" content=\"en_GB\" \/>\n<meta property=\"og:type\" content=\"article\" \/>\n<meta property=\"og:title\" content=\"Impressum - Immobilien St\u00fctz\" \/>\n<meta property=\"og:description\" content=\"Verantwortlich f\u00fcr alle Inhalte: Immobilien St\u00fctz Ingrid St\u00fctz Feldgasse 9, 2011 H\u00f6bersdorf Tel.: +43 676 31 55 460 E-Mail: office@immobilien-stuetz.com\u00a0 UID-Nr.\u00a0ATU62446188 Rechtsform: Personenfirma Beh\u00f6rde gem. ECG: Bezirkshauptmannschaft Korneuburg Kammer: Wirtschaftskammer \u00d6sterreich &#8211; Bundesinnung f\u00fcr Immobilienmakler Anwendbare Rechtsvorschriften: Maklergesetz Rechtliche Hinweise: Alle Inhalte unserer Website sind urheberrechtlich gesch\u00fctzt. Immobilien St\u00fctz pflegt,...\" \/>\n<meta property=\"og:url\" content=\"https:\/\/www.immobilien-stuetz.com\/en\/imprint\/\" \/>\n<meta property=\"og:site_name\" content=\"Immobilien St\u00fctz\" \/>\n<meta property=\"article:publisher\" content=\"https:\/\/www.facebook.com\/people\/Immobilien-Sttz-Sierndorf\/100063837600116\/\" \/>\n<meta property=\"article:modified_time\" content=\"2024-09-26T13:07:45+00:00\" \/>\n<meta property=\"og:image\" content=\"https:\/\/www.wkoecg.at\/Web\/Library\/img\/ecg.gif\" \/>\n<meta name=\"twitter:card\" content=\"summary_large_image\" \/>\n<meta name=\"twitter:label1\" content=\"Estimated reading time\" \/>\n\t<meta name=\"twitter:data1\" content=\"2 minutes\" \/>\n<script type=\"application\/ld+json\" class=\"yoast-schema-graph\">{\"@context\":\"https:\/\/schema.org\",\"@graph\":[{\"@type\":\"WebPage\",\"@id\":\"https:\/\/www.immobilien-stuetz.com\/impressum\/\",\"url\":\"https:\/\/www.immobilien-stuetz.com\/impressum\/\",\"name\":\"Impressum - Immobilien St\u00fctz\",\"isPartOf\":{\"@id\":\"https:\/\/www.immobilien-stuetz.com\/#website\"},\"primaryImageOfPage\":{\"@id\":\"https:\/\/www.immobilien-stuetz.com\/impressum\/#primaryimage\"},\"image\":{\"@id\":\"https:\/\/www.immobilien-stuetz.com\/impressum\/#primaryimage\"},\"thumbnailUrl\":\"https:\/\/www.wkoecg.at\/Web\/Library\/img\/ecg.gif\",\"datePublished\":\"2021-06-03T11:08:49+00:00\",\"dateModified\":\"2024-09-26T13:07:45+00:00\",\"breadcrumb\":{\"@id\":\"https:\/\/www.immobilien-stuetz.com\/impressum\/#breadcrumb\"},\"inLanguage\":\"en-GB\",\"potentialAction\":[{\"@type\":\"ReadAction\",\"target\":[\"https:\/\/www.immobilien-stuetz.com\/impressum\/\"]}]},{\"@type\":\"ImageObject\",\"inLanguage\":\"en-GB\",\"@id\":\"https:\/\/www.immobilien-stuetz.com\/impressum\/#primaryimage\",\"url\":\"https:\/\/www.wkoecg.at\/Web\/Library\/img\/ecg.gif\",\"contentUrl\":\"https:\/\/www.wkoecg.at\/Web\/Library\/img\/ecg.gif\"},{\"@type\":\"BreadcrumbList\",\"@id\":\"https:\/\/www.immobilien-stuetz.com\/impressum\/#breadcrumb\",\"itemListElement\":[{\"@type\":\"ListItem\",\"position\":1,\"name\":\"Startseite\",\"item\":\"https:\/\/www.immobilien-stuetz.com\/\"},{\"@type\":\"ListItem\",\"position\":2,\"name\":\"Impressum\"}]},{\"@type\":\"WebSite\",\"@id\":\"https:\/\/www.immobilien-stuetz.com\/#website\",\"url\":\"https:\/\/www.immobilien-stuetz.com\/\",\"name\":\"Immobilien St\u00fctz\",\"description\":\"Ihre St\u00fctze bei Immobilien\",\"potentialAction\":[{\"@type\":\"SearchAction\",\"target\":{\"@type\":\"EntryPoint\",\"urlTemplate\":\"https:\/\/www.immobilien-stuetz.com\/?s={search_term_string}\"},\"query-input\":{\"@type\":\"PropertyValueSpecification\",\"valueRequired\":true,\"valueName\":\"search_term_string\"}}],\"inLanguage\":\"en-GB\"}]}<\/script>\n<!-- \/ Yoast SEO plugin. -->","yoast_head_json":{"title":"Imprint - Immobilien St\u00fctz","robots":{"index":"index","follow":"follow","max-snippet":"max-snippet:-1","max-image-preview":"max-image-preview:large","max-video-preview":"max-video-preview:-1"},"canonical":"https:\/\/www.immobilien-stuetz.com\/en\/imprint\/","og_locale":"en_GB","og_type":"article","og_title":"Impressum - Immobilien St\u00fctz","og_description":"Verantwortlich f\u00fcr alle Inhalte: Immobilien St\u00fctz Ingrid St\u00fctz Feldgasse 9, 2011 H\u00f6bersdorf Tel.: +43 676 31 55 460 E-Mail: office@immobilien-stuetz.com\u00a0 UID-Nr.\u00a0ATU62446188 Rechtsform: Personenfirma Beh\u00f6rde gem. ECG: Bezirkshauptmannschaft Korneuburg Kammer: Wirtschaftskammer \u00d6sterreich &#8211; Bundesinnung f\u00fcr Immobilienmakler Anwendbare Rechtsvorschriften: Maklergesetz Rechtliche Hinweise: Alle Inhalte unserer Website sind urheberrechtlich gesch\u00fctzt. Immobilien St\u00fctz pflegt,...","og_url":"https:\/\/www.immobilien-stuetz.com\/en\/imprint\/","og_site_name":"Immobilien St\u00fctz","article_publisher":"https:\/\/www.facebook.com\/people\/Immobilien-Sttz-Sierndorf\/100063837600116\/","article_modified_time":"2024-09-26T13:07:45+00:00","og_image":[{"url":"https:\/\/www.wkoecg.at\/Web\/Library\/img\/ecg.gif","type":"","width":"","height":""}],"twitter_card":"summary_large_image","twitter_misc":{"Estimated reading time":"2 minutes"},"schema":{"@context":"https:\/\/schema.org","@graph":[{"@type":"WebPage","@id":"https:\/\/www.immobilien-stuetz.com\/impressum\/","url":"https:\/\/www.immobilien-stuetz.com\/impressum\/","name":"Imprint - Immobilien St\u00fctz","isPartOf":{"@id":"https:\/\/www.immobilien-stuetz.com\/#website"},"primaryImageOfPage":{"@id":"https:\/\/www.immobilien-stuetz.com\/impressum\/#primaryimage"},"image":{"@id":"https:\/\/www.immobilien-stuetz.com\/impressum\/#primaryimage"},"thumbnailUrl":"https:\/\/www.wkoecg.at\/Web\/Library\/img\/ecg.gif","datePublished":"2021-06-03T11:08:49+00:00","dateModified":"2024-09-26T13:07:45+00:00","breadcrumb":{"@id":"https:\/\/www.immobilien-stuetz.com\/impressum\/#breadcrumb"},"inLanguage":"en-GB","potentialAction":[{"@type":"ReadAction","target":["https:\/\/www.immobilien-stuetz.com\/impressum\/"]}]},{"@type":"ImageObject","inLanguage":"en-GB","@id":"https:\/\/www.immobilien-stuetz.com\/impressum\/#primaryimage","url":"https:\/\/www.wkoecg.at\/Web\/Library\/img\/ecg.gif","contentUrl":"https:\/\/www.wkoecg.at\/Web\/Library\/img\/ecg.gif"},{"@type":"BreadcrumbList","@id":"https:\/\/www.immobilien-stuetz.com\/impressum\/#breadcrumb","itemListElement":[{"@type":"ListItem","position":1,"name":"Startseite","item":"https:\/\/www.immobilien-stuetz.com\/"},{"@type":"ListItem","position":2,"name":"Impressum"}]},{"@type":"WebSite","@id":"https:\/\/www.immobilien-stuetz.com\/#website","url":"https:\/\/www.immobilien-stuetz.com\/","name":"Real estate St\u00fctz","description":"Your support for property","potentialAction":[{"@type":"SearchAction","target":{"@type":"EntryPoint","urlTemplate":"https:\/\/www.immobilien-stuetz.com\/?s={search_term_string}"},"query-input":{"@type":"PropertyValueSpecification","valueRequired":true,"valueName":"search_term_string"}}],"inLanguage":"en-GB"}]}},"_links":{"self":[{"href":"https:\/\/www.immobilien-stuetz.com\/en\/wp-json\/wp\/v2\/pages\/6218","targetHints":{"allow":["GET"]}}],"collection":[{"href":"https:\/\/www.immobilien-stuetz.com\/en\/wp-json\/wp\/v2\/pages"}],"about":[{"href":"https:\/\/www.immobilien-stuetz.com\/en\/wp-json\/wp\/v2\/types\/page"}],"author":[{"embeddable":true,"href":"https:\/\/www.immobilien-stuetz.com\/en\/wp-json\/wp\/v2\/users\/1"}],"replies":[{"embeddable":true,"href":"https:\/\/www.immobilien-stuetz.com\/en\/wp-json\/wp\/v2\/comments?post=6218"}],"version-history":[{"count":22,"href":"https:\/\/www.immobilien-stuetz.com\/en\/wp-json\/wp\/v2\/pages\/6218\/revisions"}],"predecessor-version":[{"id":34940,"href":"https:\/\/www.immobilien-stuetz.com\/en\/wp-json\/wp\/v2\/pages\/6218\/revisions\/34940"}],"wp:attachment":[{"href":"https:\/\/www.immobilien-stuetz.com\/en\/wp-json\/wp\/v2\/media?parent=6218"}],"curies":[{"name":"wp","href":"https:\/\/api.w.org\/{rel}","templated":true}]}}