{"id":6127,"date":"2021-06-02T14:04:49","date_gmt":"2021-06-02T12:04:49","guid":{"rendered":"https:\/\/www.immobilien-stuetz.com\/wordpress\/?page_id=6127"},"modified":"2024-09-26T14:53:49","modified_gmt":"2024-09-26T12:53:49","slug":"fagg-right-of-cancellation","status":"publish","type":"page","link":"https:\/\/www.immobilien-stuetz.com\/en\/fagg-right-of-cancellation\/","title":{"rendered":"FAGG right of cancellation"},"content":{"rendered":"<div data-elementor-type=\"wp-page\" data-elementor-id=\"6127\" class=\"elementor elementor-6127\" data-elementor-post-type=\"page\">\n\t\t\t\t\t\t<section class=\"elementor-section elementor-top-section elementor-element elementor-element-69d84bbf elementor-section-boxed elementor-section-height-default elementor-section-height-default\" data-id=\"69d84bbf\" data-element_type=\"section\" data-e-type=\"section\">\n\t\t\t\t\t\t<div class=\"elementor-container elementor-column-gap-default\">\n\t\t\t\t\t<div class=\"elementor-column elementor-col-100 elementor-top-column elementor-element elementor-element-536c6543\" data-id=\"536c6543\" data-element_type=\"column\" data-e-type=\"column\">\n\t\t\t<div class=\"elementor-widget-wrap elementor-element-populated\">\n\t\t\t\t\t\t<div class=\"elementor-element elementor-element-6374ba9a elementor-widget elementor-widget-text-editor\" data-id=\"6374ba9a\" data-element_type=\"widget\" data-e-type=\"widget\" data-widget_type=\"text-editor.default\">\n\t\t\t\t<div class=\"elementor-widget-container\">\n\t\t\t\t\t\t\t\t\t\n<h2 class=\"wp-block-heading\">14 days right of cancellation<\/h2>\n\n<p>Since 13 June 2014, the\u00a0<strong>Distance and Foreign Transactions Act<\/strong>\u00a0(FAGG)\u00a0<strong>for<\/strong>\u00a0<strong>More rights and security for consumers<\/strong>. It applies to all transactions that the customer has not concluded on the business premises of the authorised company, but outside, by telephone or online, and grants the customer a 14-day right of withdrawal.<\/p>\n\n<p>Of course, this also applies to your business relationship with us -\u00a0<strong>when concluding a brokerage contract outside our business premises<\/strong>you have the right according to \u00a711 FAGG,\u00a0<strong>without giving reasons within 14 days<\/strong>\u00a0from the conclusion of the contract, from this\u00a0<strong>to resign<\/strong>. The corresponding declaration of cancellation can be submitted using the cancellation form provided, but is not bound to any form.<\/p>\n\t\t\t\t\t\t\t\t<\/div>\n\t\t\t\t<\/div>\n\t\t\t\t<div class=\"elementor-element elementor-element-1203ea8 elementor-widget elementor-widget-text-editor\" data-id=\"1203ea8\" data-element_type=\"widget\" data-e-type=\"widget\" data-widget_type=\"text-editor.default\">\n\t\t\t\t<div class=\"elementor-widget-container\">\n\t\t\t\t\t\t\t\t\t<h3>Exceptions and consequences<\/h3>\n<p><!-- \/wp:heading --><!-- wp:paragraph --><\/p>\n<p>Shall we prematurely,\u00a0<strong>act on your behalf before the end of this 14-day cancellation period<\/strong>e.g. by transmitting detailed information or arranging viewing appointments, then the\u00a0<strong>Your express request<\/strong>.<\/p>\n<p><!-- \/wp:paragraph --><!-- wp:paragraph --><\/p>\n<p>However, if\u00a0<strong>within this period<\/strong>\u00a0ours\u00a0<strong>Service<\/strong>\u00a0already\u00a0<strong>Completely fulfilled<\/strong>for example by naming the business opportunity, and then no further activity is desired or made possible by you, you lose your right of cancellation and the\u00a0<strong>Brokerage contract can no longer be cancelled<\/strong>.<\/p>\n<p><!-- \/wp:paragraph --><!-- wp:paragraph --><\/p>\n<p>If, in such a case, a legal transaction is concluded as a result of this named business opportunity, the contract forms the basis of a commission claim.<\/p>\n<p><!-- \/wp:paragraph --><!-- wp:paragraph --><\/p>\n<p>In the event of cancellation in accordance with \u00a711 FAGG, you undertake not to make use of the information obtained.<\/p>\n<p><!-- \/wp:paragraph --><!-- wp:heading {\"level\":4} --><\/p>\t\t\t\t\t\t\t\t<\/div>\n\t\t\t\t<\/div>\n\t\t\t\t<div class=\"elementor-element elementor-element-7f8e229 elementor-widget elementor-widget-text-editor\" data-id=\"7f8e229\" data-element_type=\"widget\" data-e-type=\"widget\" data-widget_type=\"text-editor.default\">\n\t\t\t\t<div class=\"elementor-widget-container\">\n\t\t\t\t\t\t\t\t\t<h3>Counselling<\/h3>\n<p><!-- \/wp:heading --><!-- wp:paragraph --><\/p>\n<p>We will of course provide you with detailed information in our\u00a0<strong>personal counselling sessions<\/strong>\u00a0about the exact legal situation, your and our options, and the applicable framework conditions.<\/p>\n<p><!-- \/wp:paragraph --><!-- wp:paragraph --><\/p>\n<p><strong>Further information<\/strong>\u00a0you will also find\u00a0<a href=\"https:\/\/www.immobilien-stuetz.com\/en\/wordpress\/?page_id=6023\">Documents on the \"Forms and downloads\" page.<\/a><\/p>\t\t\t\t\t\t\t\t<\/div>\n\t\t\t\t<\/div>\n\t\t\t\t\t<\/div>\n\t\t<\/div>\n\t\t\t\t\t<\/div>\n\t\t<\/section>\n\t\t\t\t<section class=\"elementor-section elementor-top-section elementor-element elementor-element-4ef4845 elementor-section-boxed elementor-section-height-default elementor-section-height-default\" data-id=\"4ef4845\" data-element_type=\"section\" data-e-type=\"section\">\n\t\t\t\t\t\t<div class=\"elementor-container elementor-column-gap-default\">\n\t\t\t\t\t<div class=\"elementor-column elementor-col-100 elementor-top-column elementor-element elementor-element-f2e0074\" data-id=\"f2e0074\" data-element_type=\"column\" data-e-type=\"column\">\n\t\t\t<div class=\"elementor-widget-wrap elementor-element-populated\">\n\t\t\t\t\t\t<div class=\"elementor-element elementor-element-936ff65 elementor-align-center elementor-widget elementor-widget-button\" data-id=\"936ff65\" data-element_type=\"widget\" data-e-type=\"widget\" data-widget_type=\"button.default\">\n\t\t\t\t<div class=\"elementor-widget-container\">\n\t\t\t\t\t\t\t\t\t<div class=\"elementor-button-wrapper\">\n\t\t\t\t\t<a class=\"elementor-button elementor-button-link elementor-size-md\" href=\"https:\/\/www.immobilien-stuetz.com\/en\/contact\/\">\n\t\t\t\t\t\t<span class=\"elementor-button-content-wrapper\">\n\t\t\t\t\t\t\t\t\t<span class=\"elementor-button-text\">Contact us<\/span>\n\t\t\t\t\t<\/span>\n\t\t\t\t\t<\/a>\n\t\t\t\t<\/div>\n\t\t\t\t\t\t\t\t<\/div>\n\t\t\t\t<\/div>\n\t\t\t\t\t<\/div>\n\t\t<\/div>\n\t\t\t\t\t<\/div>\n\t\t<\/section>\n\t\t\t\t<\/div>","protected":false},"excerpt":{"rendered":"<p>14 Tage R\u00fccktrittsrecht Seit 13.Juni 2014 sorgt das\u00a0Fern- und Ausw\u00e4rtsgesch\u00e4fte-Gesetz\u00a0(FAGG)\u00a0f\u00fcr\u00a0mehr Rechte und Sicherheit des Konsumenten. Es gilt f\u00fcr alle Gesch\u00e4fte, die dieser nicht in den Gesch\u00e4ftsr\u00e4umen des beauftragten Unternehmens, sondern au\u00dferhalb, telefonisch oder online abgeschlossen hat und r\u00e4umt ihm ein 14-t\u00e4giges R\u00fccktrittsrecht ein. Das gilt selbstverst\u00e4ndlich auch f\u00fcr Ihre Gesch\u00e4ftsbeziehung&#8230;<\/p>","protected":false},"author":1,"featured_media":0,"parent":0,"menu_order":0,"comment_status":"closed","ping_status":"closed","template":"","meta":{"footnotes":""},"class_list":["post-6127","page","type-page","status-publish","hentry"],"yoast_head":"<!-- This site is optimized with the Yoast SEO plugin v26.9 - https:\/\/yoast.com\/product\/yoast-seo-wordpress\/ -->\n<title>Immobilien St\u00fctz - FAGG-R\u00fccktrittsrecht - Was ist das?<\/title>\n<meta name=\"description\" content=\"Seit 13.Juni 2014 sorgt das Fern- und Ausw\u00e4rtsgesch\u00e4fte-Gesetz (FAGG) f\u00fcr mehr Rechte und Sicherheit des Konsumenten.\" \/>\n<meta name=\"robots\" content=\"index, follow, max-snippet:-1, max-image-preview:large, max-video-preview:-1\" \/>\n<link rel=\"canonical\" href=\"https:\/\/www.immobilien-stuetz.com\/en\/fagg-right-of-cancellation\/\" \/>\n<meta property=\"og:locale\" content=\"en_GB\" \/>\n<meta property=\"og:type\" content=\"article\" \/>\n<meta property=\"og:title\" content=\"Immobilien St\u00fctz - FAGG-R\u00fccktrittsrecht - Was ist das?\" \/>\n<meta property=\"og:description\" content=\"Seit 13.Juni 2014 sorgt das Fern- und Ausw\u00e4rtsgesch\u00e4fte-Gesetz (FAGG) f\u00fcr mehr Rechte und Sicherheit des Konsumenten.\" \/>\n<meta property=\"og:url\" content=\"https:\/\/www.immobilien-stuetz.com\/en\/fagg-right-of-cancellation\/\" \/>\n<meta property=\"og:site_name\" content=\"Immobilien St\u00fctz\" \/>\n<meta property=\"article:publisher\" content=\"https:\/\/www.facebook.com\/people\/Immobilien-Sttz-Sierndorf\/100063837600116\/\" \/>\n<meta property=\"article:modified_time\" content=\"2024-09-26T12:53:49+00:00\" \/>\n<meta name=\"twitter:card\" content=\"summary_large_image\" \/>\n<meta name=\"twitter:label1\" content=\"Estimated reading time\" \/>\n\t<meta name=\"twitter:data1\" content=\"2 minutes\" \/>\n<script type=\"application\/ld+json\" class=\"yoast-schema-graph\">{\"@context\":\"https:\/\/schema.org\",\"@graph\":[{\"@type\":\"WebPage\",\"@id\":\"https:\/\/www.immobilien-stuetz.com\/fagg-ruecktrittsrecht\/\",\"url\":\"https:\/\/www.immobilien-stuetz.com\/fagg-ruecktrittsrecht\/\",\"name\":\"Immobilien St\u00fctz - FAGG-R\u00fccktrittsrecht - Was ist das?\",\"isPartOf\":{\"@id\":\"https:\/\/www.immobilien-stuetz.com\/#website\"},\"datePublished\":\"2021-06-02T12:04:49+00:00\",\"dateModified\":\"2024-09-26T12:53:49+00:00\",\"description\":\"Seit 13.Juni 2014 sorgt das Fern- und Ausw\u00e4rtsgesch\u00e4fte-Gesetz (FAGG) f\u00fcr mehr Rechte und Sicherheit des Konsumenten.\",\"breadcrumb\":{\"@id\":\"https:\/\/www.immobilien-stuetz.com\/fagg-ruecktrittsrecht\/#breadcrumb\"},\"inLanguage\":\"en-GB\",\"potentialAction\":[{\"@type\":\"ReadAction\",\"target\":[\"https:\/\/www.immobilien-stuetz.com\/fagg-ruecktrittsrecht\/\"]}]},{\"@type\":\"BreadcrumbList\",\"@id\":\"https:\/\/www.immobilien-stuetz.com\/fagg-ruecktrittsrecht\/#breadcrumb\",\"itemListElement\":[{\"@type\":\"ListItem\",\"position\":1,\"name\":\"Startseite\",\"item\":\"https:\/\/www.immobilien-stuetz.com\/\"},{\"@type\":\"ListItem\",\"position\":2,\"name\":\"FAGG-R\u00fccktrittsrecht\"}]},{\"@type\":\"WebSite\",\"@id\":\"https:\/\/www.immobilien-stuetz.com\/#website\",\"url\":\"https:\/\/www.immobilien-stuetz.com\/\",\"name\":\"Immobilien St\u00fctz\",\"description\":\"Ihre St\u00fctze bei Immobilien\",\"potentialAction\":[{\"@type\":\"SearchAction\",\"target\":{\"@type\":\"EntryPoint\",\"urlTemplate\":\"https:\/\/www.immobilien-stuetz.com\/?s={search_term_string}\"},\"query-input\":{\"@type\":\"PropertyValueSpecification\",\"valueRequired\":true,\"valueName\":\"search_term_string\"}}],\"inLanguage\":\"en-GB\"}]}<\/script>\n<!-- \/ Yoast SEO plugin. -->","yoast_head_json":{"title":"Immobilien St\u00fctz - FAGG right of cancellation - What is it?","description":"Since 13 June 2014, the Distance and Off-Premises Selling Act (FAGG) has provided consumers with more rights and security.","robots":{"index":"index","follow":"follow","max-snippet":"max-snippet:-1","max-image-preview":"max-image-preview:large","max-video-preview":"max-video-preview:-1"},"canonical":"https:\/\/www.immobilien-stuetz.com\/en\/fagg-right-of-cancellation\/","og_locale":"en_GB","og_type":"article","og_title":"Immobilien St\u00fctz - FAGG-R\u00fccktrittsrecht - Was ist das?","og_description":"Seit 13.Juni 2014 sorgt das Fern- und Ausw\u00e4rtsgesch\u00e4fte-Gesetz (FAGG) f\u00fcr mehr Rechte und Sicherheit des Konsumenten.","og_url":"https:\/\/www.immobilien-stuetz.com\/en\/fagg-right-of-cancellation\/","og_site_name":"Immobilien St\u00fctz","article_publisher":"https:\/\/www.facebook.com\/people\/Immobilien-Sttz-Sierndorf\/100063837600116\/","article_modified_time":"2024-09-26T12:53:49+00:00","twitter_card":"summary_large_image","twitter_misc":{"Estimated reading time":"2 minutes"},"schema":{"@context":"https:\/\/schema.org","@graph":[{"@type":"WebPage","@id":"https:\/\/www.immobilien-stuetz.com\/fagg-ruecktrittsrecht\/","url":"https:\/\/www.immobilien-stuetz.com\/fagg-ruecktrittsrecht\/","name":"Immobilien St\u00fctz - FAGG right of cancellation - What is it?","isPartOf":{"@id":"https:\/\/www.immobilien-stuetz.com\/#website"},"datePublished":"2021-06-02T12:04:49+00:00","dateModified":"2024-09-26T12:53:49+00:00","description":"Since 13 June 2014, the Distance and Off-Premises Selling Act (FAGG) has provided consumers with more rights and security.","breadcrumb":{"@id":"https:\/\/www.immobilien-stuetz.com\/fagg-ruecktrittsrecht\/#breadcrumb"},"inLanguage":"en-GB","potentialAction":[{"@type":"ReadAction","target":["https:\/\/www.immobilien-stuetz.com\/fagg-ruecktrittsrecht\/"]}]},{"@type":"BreadcrumbList","@id":"https:\/\/www.immobilien-stuetz.com\/fagg-ruecktrittsrecht\/#breadcrumb","itemListElement":[{"@type":"ListItem","position":1,"name":"Startseite","item":"https:\/\/www.immobilien-stuetz.com\/"},{"@type":"ListItem","position":2,"name":"FAGG-R\u00fccktrittsrecht"}]},{"@type":"WebSite","@id":"https:\/\/www.immobilien-stuetz.com\/#website","url":"https:\/\/www.immobilien-stuetz.com\/","name":"Real estate St\u00fctz","description":"Your support for property","potentialAction":[{"@type":"SearchAction","target":{"@type":"EntryPoint","urlTemplate":"https:\/\/www.immobilien-stuetz.com\/?s={search_term_string}"},"query-input":{"@type":"PropertyValueSpecification","valueRequired":true,"valueName":"search_term_string"}}],"inLanguage":"en-GB"}]}},"_links":{"self":[{"href":"https:\/\/www.immobilien-stuetz.com\/en\/wp-json\/wp\/v2\/pages\/6127","targetHints":{"allow":["GET"]}}],"collection":[{"href":"https:\/\/www.immobilien-stuetz.com\/en\/wp-json\/wp\/v2\/pages"}],"about":[{"href":"https:\/\/www.immobilien-stuetz.com\/en\/wp-json\/wp\/v2\/types\/page"}],"author":[{"embeddable":true,"href":"https:\/\/www.immobilien-stuetz.com\/en\/wp-json\/wp\/v2\/users\/1"}],"replies":[{"embeddable":true,"href":"https:\/\/www.immobilien-stuetz.com\/en\/wp-json\/wp\/v2\/comments?post=6127"}],"version-history":[{"count":29,"href":"https:\/\/www.immobilien-stuetz.com\/en\/wp-json\/wp\/v2\/pages\/6127\/revisions"}],"predecessor-version":[{"id":34886,"href":"https:\/\/www.immobilien-stuetz.com\/en\/wp-json\/wp\/v2\/pages\/6127\/revisions\/34886"}],"wp:attachment":[{"href":"https:\/\/www.immobilien-stuetz.com\/en\/wp-json\/wp\/v2\/media?parent=6127"}],"curies":[{"name":"wp","href":"https:\/\/api.w.org\/{rel}","templated":true}]}}