{"id":6007,"date":"2021-06-01T14:54:48","date_gmt":"2021-06-01T12:54:48","guid":{"rendered":"https:\/\/www.immobilien-stuetz.com\/wordpress\/?page_id=6007"},"modified":"2024-09-26T15:03:21","modified_gmt":"2024-09-26T13:03:21","slug":"qualitaetsmakler","status":"publish","type":"page","link":"https:\/\/www.immobilien-stuetz.com\/en\/qualitaetsmakler\/","title":{"rendered":"Quality broker certificates"},"content":{"rendered":"<div data-elementor-type=\"wp-page\" data-elementor-id=\"6007\" class=\"elementor elementor-6007\" data-elementor-post-type=\"page\">\n\t\t\t\t\t\t<section class=\"elementor-section elementor-top-section elementor-element elementor-element-3f11ce6 elementor-section-boxed elementor-section-height-default elementor-section-height-default\" data-id=\"3f11ce6\" data-element_type=\"section\" data-e-type=\"section\">\n\t\t\t\t\t\t<div class=\"elementor-container elementor-column-gap-default\">\n\t\t\t\t\t<div class=\"elementor-column elementor-col-100 elementor-top-column elementor-element elementor-element-ea179bf\" data-id=\"ea179bf\" data-element_type=\"column\" data-e-type=\"column\">\n\t\t\t<div class=\"elementor-widget-wrap elementor-element-populated\">\n\t\t\t\t\t\t<div class=\"elementor-element elementor-element-86fc7a0 elementor-widget elementor-widget-text-editor\" data-id=\"86fc7a0\" data-element_type=\"widget\" data-e-type=\"widget\" data-widget_type=\"text-editor.default\">\n\t\t\t\t<div class=\"elementor-widget-container\">\n\t\t\t\t\t\t\t\t\t<p>We are grateful and proud to present the certificates for the FindMyHome.at Quality Maker below - a fantastic award that recognises and values our industry!<\/p>\t\t\t\t\t\t\t\t<\/div>\n\t\t\t\t<\/div>\n\t\t\t\t<div class=\"elementor-element elementor-element-de27395 elementor-widget elementor-widget-gallery\" data-id=\"de27395\" data-element_type=\"widget\" data-e-type=\"widget\" data-settings=\"{&quot;gallery_layout&quot;:&quot;masonry&quot;,&quot;columns&quot;:2,&quot;gap&quot;:{&quot;unit&quot;:&quot;px&quot;,&quot;size&quot;:7,&quot;sizes&quot;:[]},&quot;lazyload&quot;:&quot;yes&quot;,&quot;columns_tablet&quot;:2,&quot;columns_mobile&quot;:1,&quot;gap_tablet&quot;:{&quot;unit&quot;:&quot;px&quot;,&quot;size&quot;:10,&quot;sizes&quot;:[]},&quot;gap_mobile&quot;:{&quot;unit&quot;:&quot;px&quot;,&quot;size&quot;:10,&quot;sizes&quot;:[]},&quot;link_to&quot;:&quot;file&quot;,&quot;overlay_background&quot;:&quot;yes&quot;,&quot;content_hover_animation&quot;:&quot;fade-in&quot;}\" data-widget_type=\"gallery.default\">\n\t\t\t\t<div class=\"elementor-widget-container\">\n\t\t\t\t\t\t\t<div class=\"elementor-gallery__container\">\n\t\t\t\t\t\t\t<a class=\"e-gallery-item elementor-gallery-item elementor-animated-content\" href=\"https:\/\/www.immobilien-stuetz.com\/wp-content\/uploads\/2021\/06\/QM2018_Urkunde_Top3_Immobilien_Stuetz-scaled.jpg\" data-elementor-open-lightbox=\"yes\" data-elementor-lightbox-slideshow=\"de27395\" data-elementor-lightbox-title=\"QM2018_Urkunde_Top3_Immobilien_Stuetz\" data-e-action-hash=\"#elementor-action%3Aaction%3Dlightbox%26settings%3DeyJpZCI6NjAwOSwidXJsIjoiaHR0cHM6XC9cL3d3dy5pbW1vYmlsaWVuLXN0dWV0ei5jb21cL3dwLWNvbnRlbnRcL3VwbG9hZHNcLzIwMjFcLzA2XC9RTTIwMThfVXJrdW5kZV9Ub3AzX0ltbW9iaWxpZW5fU3R1ZXR6LXNjYWxlZC5qcGciLCJzbGlkZXNob3ciOiJkZTI3Mzk1In0%3D\">\n\t\t\t\t\t<div class=\"e-gallery-image elementor-gallery-item__image\" data-thumbnail=\"https:\/\/www.immobilien-stuetz.com\/wp-content\/uploads\/2021\/06\/QM2018_Urkunde_Top3_Immobilien_Stuetz-1024x1024.jpg\" data-width=\"828\" data-height=\"828\" aria-label=\"QM2018_Certificate_Top3_Property_Stuetz\" role=\"img\" ><\/div>\n\t\t\t\t\t\t\t\t\t\t\t<div class=\"elementor-gallery-item__overlay\"><\/div>\n\t\t\t\t\t\t\t\t\t\t\t\t\t\t<\/a>\n\t\t\t\t\t\t\t<a class=\"e-gallery-item elementor-gallery-item elementor-animated-content\" href=\"https:\/\/www.immobilien-stuetz.com\/wp-content\/uploads\/2021\/06\/urkunde_qualittsmakler2019_1-scaled.jpg\" data-elementor-open-lightbox=\"yes\" data-elementor-lightbox-slideshow=\"de27395\" data-elementor-lightbox-title=\"urkunde_qualittsmakler2019_1\" data-e-action-hash=\"#elementor-action%3Aaction%3Dlightbox%26settings%3DeyJpZCI6NjAxMCwidXJsIjoiaHR0cHM6XC9cL3d3dy5pbW1vYmlsaWVuLXN0dWV0ei5jb21cL3dwLWNvbnRlbnRcL3VwbG9hZHNcLzIwMjFcLzA2XC91cmt1bmRlX3F1YWxpdHRzbWFrbGVyMjAxOV8xLXNjYWxlZC5qcGciLCJzbGlkZXNob3ciOiJkZTI3Mzk1In0%3D\">\n\t\t\t\t\t<div class=\"e-gallery-image elementor-gallery-item__image\" data-thumbnail=\"https:\/\/www.immobilien-stuetz.com\/wp-content\/uploads\/2021\/06\/urkunde_qualittsmakler2019_1-724x1024.jpg\" data-width=\"724\" data-height=\"1024\" aria-label=\"\" role=\"img\" ><\/div>\n\t\t\t\t\t\t\t\t\t\t\t<div class=\"elementor-gallery-item__overlay\"><\/div>\n\t\t\t\t\t\t\t\t\t\t\t\t\t\t<\/a>\n\t\t\t\t\t<\/div>\n\t\t\t\t\t<\/div>\n\t\t\t\t<\/div>\n\t\t\t\t\t<\/div>\n\t\t<\/div>\n\t\t\t\t\t<\/div>\n\t\t<\/section>\n\t\t\t\t<\/div>","protected":false},"excerpt":{"rendered":"<p>We are grateful and proud to present the certificates for the FindMyHome.at Quality Maker below - a fantastic award that recognises and values our industry!<\/p>","protected":false},"author":1,"featured_media":0,"parent":0,"menu_order":0,"comment_status":"closed","ping_status":"closed","template":"","meta":{"footnotes":""},"class_list":["post-6007","page","type-page","status-publish","hentry"],"yoast_head":"<!-- This site is optimized with the Yoast SEO plugin v26.9 - https:\/\/yoast.com\/product\/yoast-seo-wordpress\/ -->\n<title>Qualit\u00e4tsmakler - Auszeichnung Immobilien St\u00fctz<\/title>\n<meta name=\"description\" content=\"Unsere Qualit\u00e4tsmakler Zertifikate - f\u00fcr die hervorragenden Leistungen in Sachen Service, Kompetenz, Auftreten und Sympathie.\" \/>\n<meta name=\"robots\" content=\"index, follow, max-snippet:-1, max-image-preview:large, max-video-preview:-1\" \/>\n<link rel=\"canonical\" href=\"https:\/\/www.immobilien-stuetz.com\/en\/qualitaetsmakler\/\" \/>\n<meta property=\"og:locale\" content=\"en_GB\" \/>\n<meta property=\"og:type\" content=\"article\" \/>\n<meta property=\"og:title\" content=\"Qualit\u00e4tsmakler - Auszeichnung Immobilien St\u00fctz\" \/>\n<meta property=\"og:description\" content=\"Unsere Qualit\u00e4tsmakler Zertifikate - f\u00fcr die hervorragenden Leistungen in Sachen Service, Kompetenz, Auftreten und Sympathie.\" \/>\n<meta property=\"og:url\" content=\"https:\/\/www.immobilien-stuetz.com\/en\/qualitaetsmakler\/\" \/>\n<meta property=\"og:site_name\" content=\"Immobilien St\u00fctz\" \/>\n<meta property=\"article:publisher\" content=\"https:\/\/www.facebook.com\/people\/Immobilien-Sttz-Sierndorf\/100063837600116\/\" \/>\n<meta property=\"article:modified_time\" content=\"2024-09-26T13:03:21+00:00\" \/>\n<meta name=\"twitter:card\" content=\"summary_large_image\" \/>\n<meta name=\"twitter:label1\" content=\"Estimated reading time\" \/>\n\t<meta name=\"twitter:data1\" content=\"1 minute\" \/>\n<script type=\"application\/ld+json\" class=\"yoast-schema-graph\">{\"@context\":\"https:\/\/schema.org\",\"@graph\":[{\"@type\":\"WebPage\",\"@id\":\"https:\/\/www.immobilien-stuetz.com\/qualitaetsmakler\/\",\"url\":\"https:\/\/www.immobilien-stuetz.com\/qualitaetsmakler\/\",\"name\":\"Qualit\u00e4tsmakler - Auszeichnung Immobilien St\u00fctz\",\"isPartOf\":{\"@id\":\"https:\/\/www.immobilien-stuetz.com\/#website\"},\"datePublished\":\"2021-06-01T12:54:48+00:00\",\"dateModified\":\"2024-09-26T13:03:21+00:00\",\"description\":\"Unsere Qualit\u00e4tsmakler Zertifikate - f\u00fcr die hervorragenden Leistungen in Sachen Service, Kompetenz, Auftreten und Sympathie.\",\"breadcrumb\":{\"@id\":\"https:\/\/www.immobilien-stuetz.com\/qualitaetsmakler\/#breadcrumb\"},\"inLanguage\":\"en-GB\",\"potentialAction\":[{\"@type\":\"ReadAction\",\"target\":[\"https:\/\/www.immobilien-stuetz.com\/qualitaetsmakler\/\"]}]},{\"@type\":\"BreadcrumbList\",\"@id\":\"https:\/\/www.immobilien-stuetz.com\/qualitaetsmakler\/#breadcrumb\",\"itemListElement\":[{\"@type\":\"ListItem\",\"position\":1,\"name\":\"Startseite\",\"item\":\"https:\/\/www.immobilien-stuetz.com\/\"},{\"@type\":\"ListItem\",\"position\":2,\"name\":\"Qualit\u00e4tsmakler Zertifikate\"}]},{\"@type\":\"WebSite\",\"@id\":\"https:\/\/www.immobilien-stuetz.com\/#website\",\"url\":\"https:\/\/www.immobilien-stuetz.com\/\",\"name\":\"Immobilien St\u00fctz\",\"description\":\"Ihre St\u00fctze bei Immobilien\",\"potentialAction\":[{\"@type\":\"SearchAction\",\"target\":{\"@type\":\"EntryPoint\",\"urlTemplate\":\"https:\/\/www.immobilien-stuetz.com\/?s={search_term_string}\"},\"query-input\":{\"@type\":\"PropertyValueSpecification\",\"valueRequired\":true,\"valueName\":\"search_term_string\"}}],\"inLanguage\":\"en-GB\"}]}<\/script>\n<!-- \/ Yoast SEO plugin. -->","yoast_head_json":{"title":"Quality agent - Award Immobilien St\u00fctz","description":"Our quality broker certificates - for outstanding performance in terms of service, expertise, demeanour and likeability.","robots":{"index":"index","follow":"follow","max-snippet":"max-snippet:-1","max-image-preview":"max-image-preview:large","max-video-preview":"max-video-preview:-1"},"canonical":"https:\/\/www.immobilien-stuetz.com\/en\/qualitaetsmakler\/","og_locale":"en_GB","og_type":"article","og_title":"Qualit\u00e4tsmakler - Auszeichnung Immobilien St\u00fctz","og_description":"Unsere Qualit\u00e4tsmakler Zertifikate - f\u00fcr die hervorragenden Leistungen in Sachen Service, Kompetenz, Auftreten und Sympathie.","og_url":"https:\/\/www.immobilien-stuetz.com\/en\/qualitaetsmakler\/","og_site_name":"Immobilien St\u00fctz","article_publisher":"https:\/\/www.facebook.com\/people\/Immobilien-Sttz-Sierndorf\/100063837600116\/","article_modified_time":"2024-09-26T13:03:21+00:00","twitter_card":"summary_large_image","twitter_misc":{"Estimated reading time":"1 minute"},"schema":{"@context":"https:\/\/schema.org","@graph":[{"@type":"WebPage","@id":"https:\/\/www.immobilien-stuetz.com\/qualitaetsmakler\/","url":"https:\/\/www.immobilien-stuetz.com\/qualitaetsmakler\/","name":"Quality agent - Award Immobilien St\u00fctz","isPartOf":{"@id":"https:\/\/www.immobilien-stuetz.com\/#website"},"datePublished":"2021-06-01T12:54:48+00:00","dateModified":"2024-09-26T13:03:21+00:00","description":"Our quality broker certificates - for outstanding performance in terms of service, expertise, demeanour and likeability.","breadcrumb":{"@id":"https:\/\/www.immobilien-stuetz.com\/qualitaetsmakler\/#breadcrumb"},"inLanguage":"en-GB","potentialAction":[{"@type":"ReadAction","target":["https:\/\/www.immobilien-stuetz.com\/qualitaetsmakler\/"]}]},{"@type":"BreadcrumbList","@id":"https:\/\/www.immobilien-stuetz.com\/qualitaetsmakler\/#breadcrumb","itemListElement":[{"@type":"ListItem","position":1,"name":"Startseite","item":"https:\/\/www.immobilien-stuetz.com\/"},{"@type":"ListItem","position":2,"name":"Qualit\u00e4tsmakler Zertifikate"}]},{"@type":"WebSite","@id":"https:\/\/www.immobilien-stuetz.com\/#website","url":"https:\/\/www.immobilien-stuetz.com\/","name":"Real estate St\u00fctz","description":"Your support for property","potentialAction":[{"@type":"SearchAction","target":{"@type":"EntryPoint","urlTemplate":"https:\/\/www.immobilien-stuetz.com\/?s={search_term_string}"},"query-input":{"@type":"PropertyValueSpecification","valueRequired":true,"valueName":"search_term_string"}}],"inLanguage":"en-GB"}]}},"_links":{"self":[{"href":"https:\/\/www.immobilien-stuetz.com\/en\/wp-json\/wp\/v2\/pages\/6007","targetHints":{"allow":["GET"]}}],"collection":[{"href":"https:\/\/www.immobilien-stuetz.com\/en\/wp-json\/wp\/v2\/pages"}],"about":[{"href":"https:\/\/www.immobilien-stuetz.com\/en\/wp-json\/wp\/v2\/types\/page"}],"author":[{"embeddable":true,"href":"https:\/\/www.immobilien-stuetz.com\/en\/wp-json\/wp\/v2\/users\/1"}],"replies":[{"embeddable":true,"href":"https:\/\/www.immobilien-stuetz.com\/en\/wp-json\/wp\/v2\/comments?post=6007"}],"version-history":[{"count":19,"href":"https:\/\/www.immobilien-stuetz.com\/en\/wp-json\/wp\/v2\/pages\/6007\/revisions"}],"predecessor-version":[{"id":34909,"href":"https:\/\/www.immobilien-stuetz.com\/en\/wp-json\/wp\/v2\/pages\/6007\/revisions\/34909"}],"wp:attachment":[{"href":"https:\/\/www.immobilien-stuetz.com\/en\/wp-json\/wp\/v2\/media?parent=6007"}],"curies":[{"name":"wp","href":"https:\/\/api.w.org\/{rel}","templated":true}]}}