{"id":4583,"date":"2020-04-30T12:18:11","date_gmt":"2020-04-30T12:18:11","guid":{"rendered":"http:\/\/modern-min.realhomes.io\/?page_id=4583"},"modified":"2024-09-25T17:11:34","modified_gmt":"2024-09-25T15:11:34","slug":"buy-property","status":"publish","type":"page","link":"https:\/\/www.immobilien-stuetz.com\/en\/buy-property\/","title":{"rendered":"Buying a property"},"content":{"rendered":"<div data-elementor-type=\"wp-page\" data-elementor-id=\"4583\" class=\"elementor elementor-4583\" data-elementor-post-type=\"page\">\n\t\t\t\t\t\t<section class=\"elementor-section elementor-top-section elementor-element elementor-element-17b6030 elementor-section-boxed elementor-section-height-default elementor-section-height-default\" data-id=\"17b6030\" data-element_type=\"section\" data-e-type=\"section\">\n\t\t\t\t\t\t<div class=\"elementor-container elementor-column-gap-default\">\n\t\t\t\t\t<div class=\"elementor-column elementor-col-100 elementor-top-column elementor-element elementor-element-383199a\" data-id=\"383199a\" data-element_type=\"column\" data-e-type=\"column\">\n\t\t\t<div class=\"elementor-widget-wrap elementor-element-populated\">\n\t\t\t\t\t\t<div class=\"elementor-element elementor-element-355e356 elementor-widget elementor-widget-text-editor\" data-id=\"355e356\" data-element_type=\"widget\" data-e-type=\"widget\" data-widget_type=\"text-editor.default\">\n\t\t\t\t<div class=\"elementor-widget-container\">\n\t\t\t\t\t\t\t\t\t<h1>Objects:<\/h1><h2>Buying a property<\/h2>\t\t\t\t\t\t\t\t<\/div>\n\t\t\t\t<\/div>\n\t\t\t\t\t<\/div>\n\t\t<\/div>\n\t\t\t\t\t<\/div>\n\t\t<\/section>\n\t\t\t\t<\/div>","protected":false},"excerpt":{"rendered":"<p>Objekte: Immobilie kaufen<\/p>","protected":false},"author":1,"featured_media":5192,"parent":0,"menu_order":0,"comment_status":"closed","ping_status":"closed","template":"templates\/properties.php","meta":{"footnotes":""},"class_list":["post-4583","page","type-page","status-publish","has-post-thumbnail","hentry"],"yoast_head":"<!-- This site is optimized with the Yoast SEO plugin v26.9 - https:\/\/yoast.com\/product\/yoast-seo-wordpress\/ -->\n<title>Immobilie kaufen - verf\u00fcgbare Immobilien in Wien und N\u00d6<\/title>\n<meta name=\"description\" content=\"Immobilie kaufen: Finden Sie Ihre Traumimmobilie in Wien und Nieder\u00f6sterreich! Mit Immobilien St\u00fctz - Ihre St\u00fctze bei Immobilien\" \/>\n<meta name=\"robots\" content=\"index, follow, max-snippet:-1, max-image-preview:large, max-video-preview:-1\" \/>\n<link rel=\"canonical\" href=\"https:\/\/www.immobilien-stuetz.com\/en\/buy-property\/\" \/>\n<meta property=\"og:locale\" content=\"en_GB\" \/>\n<meta property=\"og:type\" content=\"article\" \/>\n<meta property=\"og:title\" content=\"Immobilie kaufen - verf\u00fcgbare Immobilien in Wien und N\u00d6\" \/>\n<meta property=\"og:description\" content=\"Immobilie kaufen: Finden Sie Ihre Traumimmobilie in Wien und Nieder\u00f6sterreich! Mit Immobilien St\u00fctz - Ihre St\u00fctze bei Immobilien\" \/>\n<meta property=\"og:url\" content=\"https:\/\/www.immobilien-stuetz.com\/en\/buy-property\/\" \/>\n<meta property=\"og:site_name\" content=\"Immobilien St\u00fctz\" \/>\n<meta property=\"article:publisher\" content=\"https:\/\/www.facebook.com\/people\/Immobilien-Sttz-Sierndorf\/100063837600116\/\" \/>\n<meta property=\"article:modified_time\" content=\"2024-09-25T15:11:34+00:00\" \/>\n<meta property=\"og:image\" content=\"https:\/\/www.immobilien-stuetz.com\/wp-content\/uploads\/2017\/06\/rental-income-e1726841966746.jpg\" \/>\n\t<meta property=\"og:image:width\" content=\"1280\" \/>\n\t<meta property=\"og:image:height\" content=\"535\" \/>\n\t<meta property=\"og:image:type\" content=\"image\/jpeg\" \/>\n<meta name=\"twitter:card\" content=\"summary_large_image\" \/>\n<meta name=\"twitter:label1\" content=\"Estimated reading time\" \/>\n\t<meta name=\"twitter:data1\" content=\"1 minute\" \/>\n<script type=\"application\/ld+json\" class=\"yoast-schema-graph\">{\"@context\":\"https:\/\/schema.org\",\"@graph\":[{\"@type\":\"WebPage\",\"@id\":\"https:\/\/www.immobilien-stuetz.com\/immobilie-kaufen\/\",\"url\":\"https:\/\/www.immobilien-stuetz.com\/immobilie-kaufen\/\",\"name\":\"Immobilie kaufen - verf\u00fcgbare Immobilien in Wien und N\u00d6\",\"isPartOf\":{\"@id\":\"https:\/\/www.immobilien-stuetz.com\/#website\"},\"primaryImageOfPage\":{\"@id\":\"https:\/\/www.immobilien-stuetz.com\/immobilie-kaufen\/#primaryimage\"},\"image\":{\"@id\":\"https:\/\/www.immobilien-stuetz.com\/immobilie-kaufen\/#primaryimage\"},\"thumbnailUrl\":\"https:\/\/www.immobilien-stuetz.com\/wp-content\/uploads\/2017\/06\/rental-income-e1726841966746.jpg\",\"datePublished\":\"2020-04-30T12:18:11+00:00\",\"dateModified\":\"2024-09-25T15:11:34+00:00\",\"description\":\"Immobilie kaufen: Finden Sie Ihre Traumimmobilie in Wien und Nieder\u00f6sterreich! Mit Immobilien St\u00fctz - Ihre St\u00fctze bei Immobilien\",\"breadcrumb\":{\"@id\":\"https:\/\/www.immobilien-stuetz.com\/immobilie-kaufen\/#breadcrumb\"},\"inLanguage\":\"en-GB\",\"potentialAction\":[{\"@type\":\"ReadAction\",\"target\":[\"https:\/\/www.immobilien-stuetz.com\/immobilie-kaufen\/\"]}]},{\"@type\":\"ImageObject\",\"inLanguage\":\"en-GB\",\"@id\":\"https:\/\/www.immobilien-stuetz.com\/immobilie-kaufen\/#primaryimage\",\"url\":\"https:\/\/www.immobilien-stuetz.com\/wp-content\/uploads\/2017\/06\/rental-income-e1726841966746.jpg\",\"contentUrl\":\"https:\/\/www.immobilien-stuetz.com\/wp-content\/uploads\/2017\/06\/rental-income-e1726841966746.jpg\",\"width\":1280,\"height\":535,\"caption\":\"Immobilien St\u00fctz - Immobilie kaufen\"},{\"@type\":\"BreadcrumbList\",\"@id\":\"https:\/\/www.immobilien-stuetz.com\/immobilie-kaufen\/#breadcrumb\",\"itemListElement\":[{\"@type\":\"ListItem\",\"position\":1,\"name\":\"Startseite\",\"item\":\"https:\/\/www.immobilien-stuetz.com\/\"},{\"@type\":\"ListItem\",\"position\":2,\"name\":\"Immobilie kaufen\"}]},{\"@type\":\"WebSite\",\"@id\":\"https:\/\/www.immobilien-stuetz.com\/#website\",\"url\":\"https:\/\/www.immobilien-stuetz.com\/\",\"name\":\"Immobilien St\u00fctz\",\"description\":\"Ihre St\u00fctze bei Immobilien\",\"potentialAction\":[{\"@type\":\"SearchAction\",\"target\":{\"@type\":\"EntryPoint\",\"urlTemplate\":\"https:\/\/www.immobilien-stuetz.com\/?s={search_term_string}\"},\"query-input\":{\"@type\":\"PropertyValueSpecification\",\"valueRequired\":true,\"valueName\":\"search_term_string\"}}],\"inLanguage\":\"en-GB\"}]}<\/script>\n<!-- \/ Yoast SEO plugin. -->","yoast_head_json":{"title":"Buying property - available properties in Vienna and Lower Austria","description":"Buy a property: Find your dream property in Vienna and Lower Austria! With Immobilien St\u00fctz - your support for property","robots":{"index":"index","follow":"follow","max-snippet":"max-snippet:-1","max-image-preview":"max-image-preview:large","max-video-preview":"max-video-preview:-1"},"canonical":"https:\/\/www.immobilien-stuetz.com\/en\/buy-property\/","og_locale":"en_GB","og_type":"article","og_title":"Immobilie kaufen - verf\u00fcgbare Immobilien in Wien und N\u00d6","og_description":"Immobilie kaufen: Finden Sie Ihre Traumimmobilie in Wien und Nieder\u00f6sterreich! Mit Immobilien St\u00fctz - Ihre St\u00fctze bei Immobilien","og_url":"https:\/\/www.immobilien-stuetz.com\/en\/buy-property\/","og_site_name":"Immobilien St\u00fctz","article_publisher":"https:\/\/www.facebook.com\/people\/Immobilien-Sttz-Sierndorf\/100063837600116\/","article_modified_time":"2024-09-25T15:11:34+00:00","og_image":[{"width":1280,"height":535,"url":"https:\/\/www.immobilien-stuetz.com\/wp-content\/uploads\/2017\/06\/rental-income-e1726841966746.jpg","type":"image\/jpeg"}],"twitter_card":"summary_large_image","twitter_misc":{"Estimated reading time":"1 minute"},"schema":{"@context":"https:\/\/schema.org","@graph":[{"@type":"WebPage","@id":"https:\/\/www.immobilien-stuetz.com\/immobilie-kaufen\/","url":"https:\/\/www.immobilien-stuetz.com\/immobilie-kaufen\/","name":"Buying property - available properties in Vienna and Lower Austria","isPartOf":{"@id":"https:\/\/www.immobilien-stuetz.com\/#website"},"primaryImageOfPage":{"@id":"https:\/\/www.immobilien-stuetz.com\/immobilie-kaufen\/#primaryimage"},"image":{"@id":"https:\/\/www.immobilien-stuetz.com\/immobilie-kaufen\/#primaryimage"},"thumbnailUrl":"https:\/\/www.immobilien-stuetz.com\/wp-content\/uploads\/2017\/06\/rental-income-e1726841966746.jpg","datePublished":"2020-04-30T12:18:11+00:00","dateModified":"2024-09-25T15:11:34+00:00","description":"Buy a property: Find your dream property in Vienna and Lower Austria! With Immobilien St\u00fctz - your support for property","breadcrumb":{"@id":"https:\/\/www.immobilien-stuetz.com\/immobilie-kaufen\/#breadcrumb"},"inLanguage":"en-GB","potentialAction":[{"@type":"ReadAction","target":["https:\/\/www.immobilien-stuetz.com\/immobilie-kaufen\/"]}]},{"@type":"ImageObject","inLanguage":"en-GB","@id":"https:\/\/www.immobilien-stuetz.com\/immobilie-kaufen\/#primaryimage","url":"https:\/\/www.immobilien-stuetz.com\/wp-content\/uploads\/2017\/06\/rental-income-e1726841966746.jpg","contentUrl":"https:\/\/www.immobilien-stuetz.com\/wp-content\/uploads\/2017\/06\/rental-income-e1726841966746.jpg","width":1280,"height":535,"caption":"Immobilien St\u00fctz - Immobilie kaufen"},{"@type":"BreadcrumbList","@id":"https:\/\/www.immobilien-stuetz.com\/immobilie-kaufen\/#breadcrumb","itemListElement":[{"@type":"ListItem","position":1,"name":"Startseite","item":"https:\/\/www.immobilien-stuetz.com\/"},{"@type":"ListItem","position":2,"name":"Immobilie kaufen"}]},{"@type":"WebSite","@id":"https:\/\/www.immobilien-stuetz.com\/#website","url":"https:\/\/www.immobilien-stuetz.com\/","name":"Real estate St\u00fctz","description":"Your support for property","potentialAction":[{"@type":"SearchAction","target":{"@type":"EntryPoint","urlTemplate":"https:\/\/www.immobilien-stuetz.com\/?s={search_term_string}"},"query-input":{"@type":"PropertyValueSpecification","valueRequired":true,"valueName":"search_term_string"}}],"inLanguage":"en-GB"}]}},"_links":{"self":[{"href":"https:\/\/www.immobilien-stuetz.com\/en\/wp-json\/wp\/v2\/pages\/4583","targetHints":{"allow":["GET"]}}],"collection":[{"href":"https:\/\/www.immobilien-stuetz.com\/en\/wp-json\/wp\/v2\/pages"}],"about":[{"href":"https:\/\/www.immobilien-stuetz.com\/en\/wp-json\/wp\/v2\/types\/page"}],"author":[{"embeddable":true,"href":"https:\/\/www.immobilien-stuetz.com\/en\/wp-json\/wp\/v2\/users\/1"}],"replies":[{"embeddable":true,"href":"https:\/\/www.immobilien-stuetz.com\/en\/wp-json\/wp\/v2\/comments?post=4583"}],"version-history":[{"count":16,"href":"https:\/\/www.immobilien-stuetz.com\/en\/wp-json\/wp\/v2\/pages\/4583\/revisions"}],"predecessor-version":[{"id":34893,"href":"https:\/\/www.immobilien-stuetz.com\/en\/wp-json\/wp\/v2\/pages\/4583\/revisions\/34893"}],"wp:featuredmedia":[{"embeddable":true,"href":"https:\/\/www.immobilien-stuetz.com\/en\/wp-json\/wp\/v2\/media\/5192"}],"wp:attachment":[{"href":"https:\/\/www.immobilien-stuetz.com\/en\/wp-json\/wp\/v2\/media?parent=4583"}],"curies":[{"name":"wp","href":"https:\/\/api.w.org\/{rel}","templated":true}]}}